{"id":106,"date":"2013-11-19T12:35:03","date_gmt":"2013-11-19T11:35:03","guid":{"rendered":"http:\/\/www.imboden-el-mech.ch\/newsite\/?page_id=106"},"modified":"2025-09-30T08:17:20","modified_gmt":"2025-09-30T07:17:20","slug":"lichtsignalanlagen","status":"publish","type":"page","link":"https:\/\/www.imboden-el-mech.ch\/?page_id=106","title":{"rendered":"Lichtsignalanlagen"},"content":{"rendered":"<p>Wir verkaufen und vermieten Lichtsignalanlagen f\u00fcr Engstellen, Kreuzungen und komplexere Anwendungen. Da die <a href=\"https:\/\/www.imboden-el-mech.ch\/?page_id=147\">Vermietung<\/a> nicht zu unserem Kerngesch\u00e4ft geh\u00f6rt, bieten wir diesen Service nur in der Region Wallis an. Ob Kauf oder Miete, gerne beraten wir Sie bei der Wahl Ihrer Anlage.<\/p>\n\n\n<div class=\"wp-block-columns is-layout-flex wp-container-core-columns-is-layout-9d6595d7 wp-block-columns-is-layout-flex\">\n<div class=\"wp-block-column is-layout-flow wp-block-column-is-layout-flow\" style=\"flex-basis:33.33%\"><div class=\"wp-block-image\">\n<figure class=\"aligncenter size-full\"><a href=\"https:\/\/www.imboden-el-mech.ch\/wp-content\/uploads\/2022\/10\/mpb3400-2.jpg\"><img loading=\"lazy\" decoding=\"async\" width=\"256\" height=\"325\" src=\"https:\/\/www.imboden-el-mech.ch\/wp-content\/uploads\/2022\/10\/mpb3400-2.jpg\" alt=\"\" class=\"wp-image-515\" srcset=\"https:\/\/www.imboden-el-mech.ch\/wp-content\/uploads\/2022\/10\/mpb3400-2.jpg 256w, https:\/\/www.imboden-el-mech.ch\/wp-content\/uploads\/2022\/10\/mpb3400-2-236x300.jpg 236w\" sizes=\"auto, (max-width: 256px) 100vw, 256px\" \/><\/a><figcaption class=\"wp-element-caption\">MPB 3400 Engstellenanlage<\/figcaption><\/figure><\/div><\/div>\n\n\n\n<div class=\"wp-block-column is-layout-flow wp-block-column-is-layout-flow\" style=\"flex-basis:66.66%\">\n<p><strong>Der Engstellenspezialist<\/strong><\/p>\n<p>Die Lichtsignalanlage MPB 3400 ist schnell aufgebaut, programmiert und in Betrieb genommen. Da die Programmierung mittels Drehschaltern sehr einfach und \u00fcbersichtlich ist, wird sie von Baustellenbetreibern sehr gerne eingesetzt. Eine Zeitanpassung kann auch im laufenden Betrieb vorgenommen werden. Die Anlage kommuniziert standardm\u00e4ssig \u00fcber Funk bis zu einer Reichweite von 500-1&#8217;000 Meter (je nach Gel\u00e4ndebeschaffenheit). Hierzu stehen 4 Funkfrequenzen zur Verf\u00fcgung. Kann die Verbindung nicht \u00fcber Funk realisiert werden, l\u00e4sst sich die Anlage \u00fcber ein 2-Draht-Kabel verbinden. Alle Signalgeber sind baugleich. Somit kann auf der Baustelle definiert werden, welcher Signalgeber Sender und welcher Empf\u00e4nger sein soll. Batteriespannung und Zustand der Anlage werden auf dem Display jeder Anlage angezeigt. Die Anlage ist mit dimmbarer LED-Technik ausgestattet. Somit entsteht kein Phantomlicht und die Anlage kann energiesparender betrieben werden. Das Freigabesignal kann entweder als Dauergr\u00fcn oder Gelb-Blinken in der untersten Kammer ausgegeben werden.<\/p>\n<p>Die Anlage ist mit Verkehrsdetektoren ausgestattet, welche nur den zufliessenden Verkehr ber\u00fccksichtigen. Daher lassen sich drei kombinierbare Automatikbetriebe Gr\u00fcn-Festzeit, Gr\u00fcnverl\u00e4ngerung und Gr\u00fcn auf Anforderung realisieren. Eine Schaltung auf Allrot, Blinken und Lampen aus, sowie die Handsteuerung der Signale kann von einem beliebigen Signalgeber aus get\u00e4tigt werden.<\/p>\n<p>Die Anlage ist auf vier Signalgeber erweiterbar, welche ihr Gr\u00fcn in Einzelphasen schaltet. Der Automatikablauf der Anlage kann \u00fcber externe Module, wie Funkhandsender, \u00d6V-Bevorzugung, Bahnschranken, etc. beeinflusst werden.<\/p>\n<p><a href=\"https:\/\/www.imboden-el-mech.ch\/?page_id=106\">zum Seitenanfang<\/a><\/p>\n<\/div>\n<\/div>\n\n\n\n<div class=\"wp-block-group\"><div class=\"wp-block-group__inner-container is-layout-constrained wp-block-group-is-layout-constrained\"><div class=\"wp-block-image\">\n<figure class=\"aligncenter size-full\"><a href=\"https:\/\/www.imboden-el-mech.ch\/wp-content\/uploads\/2013\/11\/lsa_doppelmast.jpg\"><img loading=\"lazy\" decoding=\"async\" width=\"300\" height=\"200\" src=\"https:\/\/www.imboden-el-mech.ch\/wp-content\/uploads\/2013\/11\/lsa_doppelmast.jpg\" alt=\"\" class=\"wp-image-422\"\/><\/a><figcaption class=\"wp-element-caption\">Horizont Multi-Signal<\/figcaption><\/figure><\/div>\n\n\n<p><strong>Das bew\u00e4hrte Multifunktionstalent<\/strong><\/p>\n<p>Die Anlage kann als Engstellen-, Einm\u00fcndung- und Kreuzungsanlage mit bis zu 8 Signalgebern in 7 Signalgruppen betrieben werden. Dabei lassen sich Kfz, Velo und Fussg\u00e4ngersignalgeber beliebig kombinieren. Durch den Einsatz von Verkehrsdetektoren l\u00e4sst sich die Anlage verkehrsabh\u00e4ngig schalten. Die Kommunikation unter den Signalgebern kann mittels Funk- oder Kabelverbindung erfolgen. Die maximale Funkstrecke betr\u00e4gt 500-800 Meter (je nach Gel\u00e4ndebeschaffenheit). Das System besitzt mehrere R\u00fcckfallebenen. Sollte die Kabelverbindung ausfallen, wird versucht per Funk zu kommunizieren. F\u00e4llt die Funkverbindung aus, wechselt die Anlage in den Notzeitbetrieb, um den Verkehrsfluss notbed\u00fcrftig am laufen zu halten. Ein Festzeitbetrieb ohne Verbindung kann ebenfalls realisiert werden.<\/p>\n<p>Die Programmierung \u00fcber das abnehmbare Bedienterminal ist etwas aufw\u00e4ndiger, da viele Funktionen zur Verf\u00fcgung stehen. Programmanpassungen k\u00f6nnen im laufenden Betrieb vorgenommen werden. Die Betriebsarten Automatik, Rot, Blinken, Handbetrieb und Lampen aus lassen sich \u00fcber das Bedienterminal einstellen. Durch den Einsatz von LED-Modulen wird die Akkulaufzeit verl\u00e4ngert. Gleichzeitig wird das LED-Licht durch die Verkehrsteilnehmer besser wahrgenommen. Die Anlage unterst\u00fctzt viele Signalbilder. Die Fahr-Freigabe kann daher als Dauergr\u00fcn, Gelb-Blinken in der mittleren oder Gelb-Blinken in der untersten Kammer erteilt werden. Die LEDs lassen sich mit Piktogrammen wie z.B. Fussg\u00e4nger, Velo, Richtungspfeilen best\u00fccken.<\/p>\n<p><a href=\"https:\/\/www.imboden-el-mech.ch\/?page_id=106\">zum Seitenanfang<\/a><\/p>\n<\/div><\/div>\n\n\n\n<div class=\"wp-block-group is-nowrap is-layout-flex wp-container-core-group-is-layout-ad2f72ca wp-block-group-is-layout-flex\"><\/div>\n\n\n\n<div class=\"wp-block-columns is-layout-flex wp-container-core-columns-is-layout-9d6595d7 wp-block-columns-is-layout-flex\">\n<div class=\"wp-block-column is-layout-flow wp-block-column-is-layout-flow\" style=\"flex-basis:33.33%\"><div class=\"wp-block-image\">\n<figure class=\"aligncenter size-full\"><a href=\"https:\/\/www.imboden-el-mech.ch\/wp-content\/uploads\/2022\/10\/ebp24.jpg\"><img loading=\"lazy\" decoding=\"async\" width=\"262\" height=\"244\" src=\"https:\/\/www.imboden-el-mech.ch\/wp-content\/uploads\/2022\/10\/ebp24.jpg\" alt=\"\" class=\"wp-image-530\"\/><\/a><figcaption class=\"wp-element-caption\">Komplexe Verkehrsschaltung<\/figcaption><\/figure><\/div><\/div>\n\n\n\n<div class=\"wp-block-column is-layout-flow wp-block-column-is-layout-flow\" style=\"flex-basis:66.66%\">\n<p><strong>Komplexere Verkehrsschaltung<\/strong><\/p>\n<p>Mittels PC-Software und EPB-Steuerger\u00e4t lassen sich Anlagen mit maximal 48 Signalgebern in 24 Signalgruppen realisieren. An jeden Signalgeber kann zus\u00e4tzlich ein Parallel-Signalgeber angeschlossen werden, welcher dasselbe Signalbild zeigt. Es lassen sich verschiedene Funktionen kombinieren, so auch eine parallele Abarbeitung mehrerer Signalgruppen. Dabei werden viele Signalbilder, wie Kfz, Velo, Fussg\u00e4nger, R\u00e4umpfeil, \u00d6V, unterst\u00fctzt. Die Erstellung mehrere Programme erm\u00f6glicht eine zeit- oder ereignisbasierte Schaltung zwischen den Programmen.<\/p>\n<p>Eine kleinere Abstufung ist die PC-Software in Kombination mit MPB44-Steuerger\u00e4t oder MPB 4400 Signalgebern und erlaubt Anlagen mit 24 Signalgebern in 12 Signalgruppen zu realisieren. Parallel-Signalgeber werden ebenfalls unterst\u00fctzt.<\/p>\n<p>Diese Systeme m\u00fcssen verkabelt werden. Mit der optionalen 42V-Technik werden Spannungsversorgung und Kommunikation in einem Kabel gef\u00fchrt. Die Signalgeber m\u00fcssen dabei in Linie miteinander verbunden werden. Um die Signalgeber mit Spannung zu versorgen, wird ein einzelner Einspeispunkt 230 VAC bei einem beliebigen Signalgeber ben\u00f6tigt.<\/p>\n<p><a href=\"https:\/\/www.imboden-el-mech.ch\/?page_id=106\">zum Seitenanfang<\/a><\/p>\n<\/div>\n<\/div>\n\n\n\n<div class=\"wp-block-columns is-layout-flex wp-container-core-columns-is-layout-9d6595d7 wp-block-columns-is-layout-flex\">\n<div class=\"wp-block-column is-layout-flow wp-block-column-is-layout-flow\" style=\"flex-basis:33.33%\"><div class=\"wp-block-image\">\n<figure class=\"aligncenter size-full\"><a href=\"https:\/\/www.imboden-el-mech.ch\/wp-content\/uploads\/2022\/10\/mba-2.jpg\"><img loading=\"lazy\" decoding=\"async\" width=\"78\" height=\"300\" src=\"https:\/\/www.imboden-el-mech.ch\/wp-content\/uploads\/2022\/10\/mba-2.jpg\" alt=\"\" class=\"wp-image-519\"\/><\/a><figcaption class=\"wp-element-caption\">MBA &#8211; manuell gesteuerte Anlage<\/figcaption><\/figure><\/div><\/div>\n\n\n\n<div class=\"wp-block-column is-layout-flow wp-block-column-is-layout-flow\" style=\"flex-basis:66.66%\">\n<p><strong>Der kleine Helfer<\/strong><\/p>\n<p>Unterschiedlichste Ausf\u00fchrungen dieser mobilen Lichtsignalanlage dienen zur manuellen Verkehrsregelung oder zur tempor\u00e4ren Sperrung von Fahrbahnen, Laderampen, Zu- und Ausfahrten unter Aufsicht des Bedieners.<\/p>\n<p>So kann bei Holzf\u00e4llarbeiten die Anlage \u00fcber einen Funkhandsender mit optischer R\u00fcckmeldung auf Rot geschaltet werden. Mittels Drehleuchte kann die Rot-Stellung\u00a0 im Baustellenbereich signalisiert werden. Die Anlage kann mittels Funkhandsender wieder zur\u00fcck auf Blinken oder Dunkel geschaltet werden.<\/p>\n<p>Gerne beraten wir Sie f\u00fcr Ihre gew\u00fcnschte Applikation.<\/p>\n<p><a href=\"https:\/\/www.imboden-el-mech.ch\/?page_id=106\">zum Seitenanfang<\/a><\/p>\n<\/div>\n<\/div>\n\n\n\n<div class=\"wp-block-columns is-layout-flex wp-container-core-columns-is-layout-9d6595d7 wp-block-columns-is-layout-flex\">\n<div class=\"wp-block-column is-layout-flow wp-block-column-is-layout-flow\" style=\"flex-basis:33.33%\"><div class=\"wp-block-image\">\n<figure class=\"aligncenter size-full\"><a href=\"https:\/\/www.imboden-el-mech.ch\/wp-content\/uploads\/2022\/10\/mpb-solar.jpg\"><img loading=\"lazy\" decoding=\"async\" width=\"224\" height=\"241\" src=\"https:\/\/www.imboden-el-mech.ch\/wp-content\/uploads\/2022\/10\/mpb-solar.jpg\" alt=\"\" class=\"wp-image-520\"\/><\/a><figcaption class=\"wp-element-caption\">Solarpanel-Aufbau<\/figcaption><\/figure><\/div><\/div>\n\n\n\n<div class=\"wp-block-column is-layout-flow wp-block-column-is-layout-flow\" style=\"flex-basis:66.66%\">\n<p>Die meisten unserer Anlagen sind mit Solarpanels und Akku-Laderegler aus unserem Hause ausgestattet. Dies erm\u00f6glicht w\u00e4hrend den Sommermonaten einen autarken Betrieb ohne Akku-Wechsel. In den \u00dcbergangszeiten kann mittels Solarpanels die Gangreserve der Akkus verl\u00e4ngert werden.<\/p>\n<p>Jede Anlage kann optional mit einem Fernmeldesystem ausgestattet werden. Dieses erm\u00f6glicht ein SMS-Versand bei Auftreten einer St\u00f6rung oder Warnung.<\/p>\n<p><a href=\"https:\/\/www.imboden-el-mech.ch\/?page_id=106\">zum Seitenanfang<\/a><\/p>\n<\/div>\n<\/div>\n","protected":false},"excerpt":{"rendered":"<p>Wir verkaufen und vermieten Lichtsignalanlagen f\u00fcr Engstellen, Kreuzungen und komplexere Anwendungen. Da die Vermietung nicht zu unserem Kerngesch\u00e4ft geh\u00f6rt, bieten wir diesen Service nur in der Region Wallis an. Ob Kauf oder Miete, gerne beraten wir Sie bei der Wahl Ihrer Anlage. Der Engstellenspezialist Die Lichtsignalanlage MPB 3400 ist schnell aufgebaut, programmiert und in Betrieb &hellip; <a href=\"https:\/\/www.imboden-el-mech.ch\/?page_id=106\" class=\"more-link\"><span class=\"screen-reader-text\">Lichtsignalanlagen<\/span> weiterlesen <span class=\"meta-nav\">&rarr;<\/span><\/a><\/p>\n","protected":false},"author":2,"featured_media":0,"parent":10,"menu_order":4,"comment_status":"closed","ping_status":"closed","template":"","meta":{"footnotes":""},"class_list":["post-106","page","type-page","status-publish","hentry"],"_links":{"self":[{"href":"https:\/\/www.imboden-el-mech.ch\/index.php?rest_route=\/wp\/v2\/pages\/106","targetHints":{"allow":["GET"]}}],"collection":[{"href":"https:\/\/www.imboden-el-mech.ch\/index.php?rest_route=\/wp\/v2\/pages"}],"about":[{"href":"https:\/\/www.imboden-el-mech.ch\/index.php?rest_route=\/wp\/v2\/types\/page"}],"author":[{"embeddable":true,"href":"https:\/\/www.imboden-el-mech.ch\/index.php?rest_route=\/wp\/v2\/users\/2"}],"replies":[{"embeddable":true,"href":"https:\/\/www.imboden-el-mech.ch\/index.php?rest_route=%2Fwp%2Fv2%2Fcomments&post=106"}],"version-history":[{"count":27,"href":"https:\/\/www.imboden-el-mech.ch\/index.php?rest_route=\/wp\/v2\/pages\/106\/revisions"}],"predecessor-version":[{"id":695,"href":"https:\/\/www.imboden-el-mech.ch\/index.php?rest_route=\/wp\/v2\/pages\/106\/revisions\/695"}],"up":[{"embeddable":true,"href":"https:\/\/www.imboden-el-mech.ch\/index.php?rest_route=\/wp\/v2\/pages\/10"}],"wp:attachment":[{"href":"https:\/\/www.imboden-el-mech.ch\/index.php?rest_route=%2Fwp%2Fv2%2Fmedia&parent=106"}],"curies":[{"name":"wp","href":"https:\/\/api.w.org\/{rel}","templated":true}]}}