{"id":112,"date":"2013-11-19T12:41:14","date_gmt":"2013-11-19T11:41:14","guid":{"rendered":"http:\/\/www.imboden-el-mech.ch\/newsite\/?page_id=112"},"modified":"2023-01-20T16:34:12","modified_gmt":"2023-01-20T15:34:12","slug":"drucklufttechnik-2","status":"publish","type":"page","link":"https:\/\/www.imboden-el-mech.ch\/?page_id=112","title":{"rendered":"Drucklufttechnik"},"content":{"rendered":"\n<div class=\"wp-block-columns is-layout-flex wp-container-core-columns-is-layout-9d6595d7 wp-block-columns-is-layout-flex\">\n<div class=\"wp-block-column is-layout-flow wp-block-column-is-layout-flow\" style=\"flex-basis:33.33%\">\n<figure class=\"wp-block-image size-full\"><a href=\"https:\/\/www.imboden-el-mech.ch\/wp-content\/uploads\/2013\/11\/kompressor.jpg\"><img loading=\"lazy\" decoding=\"async\" width=\"300\" height=\"200\" src=\"https:\/\/www.imboden-el-mech.ch\/wp-content\/uploads\/2013\/11\/kompressor.jpg\" alt=\"\" class=\"wp-image-115\"\/><\/a><\/figure>\n<\/div>\n\n\n\n<div class=\"wp-block-column is-layout-flow wp-block-column-is-layout-flow\" style=\"flex-basis:66.66%\">\n<p><strong>Kompressoranlagen mit integriertem K\u00e4ltetrockner<\/strong><\/p>\n<p>Druckluft wird heute vielseitig eingesetzt. Die heutige Problematik besteht darin Druckluft energieeffizient zu produzieren. Daf\u00fcr haben wir die richtige L\u00f6sung. Die Druckluftproduktion wird an den Verbrauch angepasst. Hierf\u00fcr kommt ein Schraubenkompressor mit drehzahlgeregelter Schraube zum Einsatz. Der Kompressor regelt die Drehzahl der Schraube anhand des Druckluftverbrauchs. Ein weiterer Vorteil bringt die drehzahlgeregelte Schraube auch noch mit sich. Da der Kompressor die Drehzahl langsam hochf\u00e4hrt entfallen kostenaufwendige Spitzenstr\u00f6me.<br>Wir offerieren komplette Kompressoranlagen ausgelegt auf den Luftverbrauch, nat\u00fcrlich unter Ber\u00fccksichtigung der Energiebilanz.<br>Als weitere Dienstleistung f\u00fchren wir Servicearbeiten an s\u00e4mtlichen Kompressoranlagen durch. Da wir Servicepartner von K\u00e4ser Kompressoren sind, f\u00fchren wir im Kanton Wallis den Komplettservice, wie \u00d6lwechsel, Filterwechsel, etc. an s\u00e4mtlichen K\u00e4ser Kompressoranlagen durch.<\/p>\n<\/div>\n<\/div>\n\n\n\n<div class=\"wp-block-columns is-layout-flex wp-container-core-columns-is-layout-9d6595d7 wp-block-columns-is-layout-flex\">\n<div class=\"wp-block-column is-layout-flow wp-block-column-is-layout-flow\" style=\"flex-basis:33.33%\">\n<figure class=\"wp-block-image size-full\"><a href=\"https:\/\/www.imboden-el-mech.ch\/wp-content\/uploads\/2013\/11\/kaeser_verbund.jpg\"><img loading=\"lazy\" decoding=\"async\" width=\"300\" height=\"200\" src=\"https:\/\/www.imboden-el-mech.ch\/wp-content\/uploads\/2013\/11\/kaeser_verbund.jpg\" alt=\"\" class=\"wp-image-431\"\/><\/a><\/figure>\n<\/div>\n\n\n\n<div class=\"wp-block-column is-layout-flow wp-block-column-is-layout-flow\" style=\"flex-basis:66.66%\">\n<p><strong>Verbundsteuerung f\u00fcr Kompressoranlagen<\/strong><\/p>\n<p>\u00dcber eine Verbundsteuerung lassen sich mehrere Kompressoren untereinander verbinden. Statt bei Anlagen mit hohem Druckluftverbrauch nur ein grosser Kompressor einzusetzen k\u00f6nnen auch mehrere&nbsp;Kleine eingesetzt werden. Wenn der Druckluftverbrauch einmal nur gering ist, bleibt ein kleiner Kompressor in Betrieb, statt dass ein grosser Kompressor st\u00e4ndig anl\u00e4uft und wieder abschaltet. Der Einsatz mehrerer kleiner Kompressoren ist auch komformer, da w\u00e4hrend den Servicezeiten kein Druckluftunterbruch stattfindet. Die Verbundsteuerung regelt mehrere Kompressoren automatisch anhand vom Druckluftverbrauch. Sie ber\u00fccksichtigt ebenfalls die Betriebszeiten der einzelnen Kompressoren.<\/p>\n<\/div>\n<\/div>\n\n\n\n<div class=\"wp-block-columns is-layout-flex wp-container-core-columns-is-layout-9d6595d7 wp-block-columns-is-layout-flex\">\n<div class=\"wp-block-column is-layout-flow wp-block-column-is-layout-flow\" style=\"flex-basis:33.33%\">\n<figure class=\"wp-block-image size-full\"><a href=\"https:\/\/www.imboden-el-mech.ch\/wp-content\/uploads\/2013\/11\/kaeltetrockner.jpg\"><img loading=\"lazy\" decoding=\"async\" width=\"300\" height=\"200\" src=\"https:\/\/www.imboden-el-mech.ch\/wp-content\/uploads\/2013\/11\/kaeltetrockner.jpg\" alt=\"\" class=\"wp-image-114\"\/><\/a><\/figure>\n<\/div>\n\n\n\n<div class=\"wp-block-column is-layout-flow wp-block-column-is-layout-flow\" style=\"flex-basis:66.66%\">\n<p><strong>K\u00e4ltetrockner zur Nachr\u00fcstung<\/strong><\/p>\n<p>Druckluftproduktion bringt immer Kondenswasser mit sich. Mit der Zeit kann sich das Kondenswasser im Druckluftsystem ausbreiten und pneumatische Antriebe zerst\u00f6ren. Um diesem Problem vorzubeugen kann ein K\u00e4ltetrockner ins System eingebaut werden. Dieser trocknet die produzierte Druckluft \u00fcber ein K\u00e4lteregister. Mittels EcoDrain-System wird das anfallende Kondenswasser \u00fcber eine Ablaufleitung automatisch ausgeschieden. Wir bieten auch Kompressoranlagen mit integrierten K\u00e4ltetrockner an.<\/p>\n<p><a href=\"https:\/\/www.imboden-el-mech.ch\/?page_id=112\">zum Seitenanfang<\/a><\/p>\n<\/div>\n<\/div>\n","protected":false},"excerpt":{"rendered":"<p>Kompressoranlagen mit integriertem K\u00e4ltetrockner Druckluft wird heute vielseitig eingesetzt. Die heutige Problematik besteht darin Druckluft energieeffizient zu produzieren. Daf\u00fcr haben wir die richtige L\u00f6sung. Die Druckluftproduktion wird an den Verbrauch angepasst. Hierf\u00fcr kommt ein Schraubenkompressor mit drehzahlgeregelter Schraube zum Einsatz. Der Kompressor regelt die Drehzahl der Schraube anhand des Druckluftverbrauchs. Ein weiterer Vorteil bringt die &hellip; <a href=\"https:\/\/www.imboden-el-mech.ch\/?page_id=112\" class=\"more-link\"><span class=\"screen-reader-text\">Drucklufttechnik<\/span> weiterlesen <span class=\"meta-nav\">&rarr;<\/span><\/a><\/p>\n","protected":false},"author":2,"featured_media":0,"parent":10,"menu_order":5,"comment_status":"closed","ping_status":"closed","template":"","meta":{"footnotes":""},"class_list":["post-112","page","type-page","status-publish","hentry"],"_links":{"self":[{"href":"https:\/\/www.imboden-el-mech.ch\/index.php?rest_route=\/wp\/v2\/pages\/112","targetHints":{"allow":["GET"]}}],"collection":[{"href":"https:\/\/www.imboden-el-mech.ch\/index.php?rest_route=\/wp\/v2\/pages"}],"about":[{"href":"https:\/\/www.imboden-el-mech.ch\/index.php?rest_route=\/wp\/v2\/types\/page"}],"author":[{"embeddable":true,"href":"https:\/\/www.imboden-el-mech.ch\/index.php?rest_route=\/wp\/v2\/users\/2"}],"replies":[{"embeddable":true,"href":"https:\/\/www.imboden-el-mech.ch\/index.php?rest_route=%2Fwp%2Fv2%2Fcomments&post=112"}],"version-history":[{"count":11,"href":"https:\/\/www.imboden-el-mech.ch\/index.php?rest_route=\/wp\/v2\/pages\/112\/revisions"}],"predecessor-version":[{"id":660,"href":"https:\/\/www.imboden-el-mech.ch\/index.php?rest_route=\/wp\/v2\/pages\/112\/revisions\/660"}],"up":[{"embeddable":true,"href":"https:\/\/www.imboden-el-mech.ch\/index.php?rest_route=\/wp\/v2\/pages\/10"}],"wp:attachment":[{"href":"https:\/\/www.imboden-el-mech.ch\/index.php?rest_route=%2Fwp%2Fv2%2Fmedia&parent=112"}],"curies":[{"name":"wp","href":"https:\/\/api.w.org\/{rel}","templated":true}]}}