{"id":119,"date":"2013-11-19T12:46:19","date_gmt":"2013-11-19T11:46:19","guid":{"rendered":"http:\/\/www.imboden-el-mech.ch\/newsite\/?page_id=119"},"modified":"2023-01-20T16:34:41","modified_gmt":"2023-01-20T15:34:41","slug":"hydraulik-und-pneumatikapplikationen","status":"publish","type":"page","link":"https:\/\/www.imboden-el-mech.ch\/?page_id=119","title":{"rendered":"Hydraulik- und Pneumatikapplikationen"},"content":{"rendered":"\n<div class=\"wp-block-columns is-layout-flex wp-container-core-columns-is-layout-9d6595d7 wp-block-columns-is-layout-flex\">\n<div class=\"wp-block-column is-layout-flow wp-block-column-is-layout-flow\" style=\"flex-basis:33.33%\">\n<figure class=\"wp-block-image size-full\"><a href=\"https:\/\/www.imboden-el-mech.ch\/wp-content\/uploads\/2013\/11\/pneum_zyl.jpg\"><img loading=\"lazy\" decoding=\"async\" width=\"300\" height=\"200\" src=\"https:\/\/www.imboden-el-mech.ch\/wp-content\/uploads\/2013\/11\/pneum_zyl.jpg\" alt=\"\" class=\"wp-image-420\"\/><\/a><\/figure>\n<\/div>\n\n\n\n<div class=\"wp-block-column is-layout-flow wp-block-column-is-layout-flow\" style=\"flex-basis:66.66%\">\n<p><strong>Pneumatik<\/strong><\/p>\n<p>Verkauf, Unterhalt und Montage von elektropneumatischen Armaturen geh\u00f6rt ebenfalls zu unserem Fachgebiet. Viele Ventile m\u00fcssen heutzutage zentral gesteuert werden. Kein Problem! Wir bauen elektrische oder pneumatische Schieber in bestehende Verrohrungen ein und steuern Diese gem\u00e4ss Kundenwunsch an.<br>Ebenso verbauen wir pneumatische Hub-\/Stosszylinder. So l\u00e4sst sich z.B. die Ansteuerung von Entleerklappen realisieren. Ebenfalls bieten wir \u00fcbergeordnet angesteuerte Ventilinseln an.<\/p>\n<\/div>\n<\/div>\n\n\n\n<div class=\"wp-block-columns is-layout-flex wp-container-core-columns-is-layout-9d6595d7 wp-block-columns-is-layout-flex\">\n<div class=\"wp-block-column is-layout-flow wp-block-column-is-layout-flow\" style=\"flex-basis:33.33%\">\n<figure class=\"wp-block-image size-full\"><a href=\"https:\/\/www.imboden-el-mech.ch\/wp-content\/uploads\/2013\/11\/hydr_presse.jpg\"><img loading=\"lazy\" decoding=\"async\" width=\"300\" height=\"200\" src=\"https:\/\/www.imboden-el-mech.ch\/wp-content\/uploads\/2013\/11\/hydr_presse.jpg\" alt=\"\" class=\"wp-image-411\"\/><\/a><\/figure>\n<\/div>\n\n\n\n<div class=\"wp-block-column is-layout-flow wp-block-column-is-layout-flow\" style=\"flex-basis:66.66%\">\n<p><strong>Hydraulikaggregat f\u00fcr Presszylinder<\/strong><\/p>\n<p>Wir bauen Hydraulikanlagen von Pressanlagen um und setzen \u00dcberwachungsorgane f\u00fcr \u00d6lniveau, \u00d6ltemperatur, Filter, Druck, etc. ein.&nbsp;Auf Wunsch&nbsp;bauen wir auch Hydraulikanlagen f\u00fcr Frequenzumrichterbetrieb um, damit&nbsp;die Hubgeschwindigkeit angepasst und Feinpositionierungen realisiert werden k\u00f6nnen. Zus\u00e4tzlich bieten wir Steuerungen&nbsp;an, welche gem\u00e4ss Kundenwunsch angefertigt werden k\u00f6nnen.<\/p>\n<\/div>\n<\/div>\n\n\n\n<div class=\"wp-block-columns is-layout-flex wp-container-core-columns-is-layout-9d6595d7 wp-block-columns-is-layout-flex\">\n<div class=\"wp-block-column is-layout-flow wp-block-column-is-layout-flow\" style=\"flex-basis:33.33%\">\n<figure class=\"wp-block-image size-full\"><a href=\"https:\/\/www.imboden-el-mech.ch\/wp-content\/uploads\/2013\/11\/fgbruecke.jpg\"><img loading=\"lazy\" decoding=\"async\" width=\"300\" height=\"200\" src=\"https:\/\/www.imboden-el-mech.ch\/wp-content\/uploads\/2013\/11\/fgbruecke.jpg\" alt=\"\" class=\"wp-image-413\"\/><\/a><\/figure>\n<\/div>\n\n\n\n<div class=\"wp-block-column is-layout-flow wp-block-column-is-layout-flow\" style=\"flex-basis:66.66%\">\n<p><strong>Hydraulikapplikationen<\/strong> <strong>f\u00fcr Br\u00fcckenhub<\/strong><\/p>\n<p>Zusammen mit unserem Partner Stahleinbau GmbH realisieren wir auch Hubanlagen f\u00fcr Br\u00fccken und \u00dcberg\u00e4nge. In solchen Applikationen kommen H\u00f6hen- und Winkel\u00fcberwachung sowie eine automatische Schr\u00e4glagenkorrektur zum Einsatz. Durch den Einsatz einer Steuerung wird der Hub, bzw. die Senkung per Knopfdruck ausgel\u00f6st.<\/p>\n<\/div>\n<\/div>\n\n\n\n<div class=\"wp-block-columns is-layout-flex wp-container-core-columns-is-layout-9d6595d7 wp-block-columns-is-layout-flex\">\n<div class=\"wp-block-column is-layout-flow wp-block-column-is-layout-flow\" style=\"flex-basis:33.33%\">\n<figure class=\"wp-block-image size-full\"><a href=\"https:\/\/www.imboden-el-mech.ch\/wp-content\/uploads\/2013\/11\/rbk.jpg\"><img loading=\"lazy\" decoding=\"async\" width=\"300\" height=\"200\" src=\"https:\/\/www.imboden-el-mech.ch\/wp-content\/uploads\/2013\/11\/rbk.jpg\" alt=\"\" class=\"wp-image-415\"\/><\/a><\/figure>\n<\/div>\n\n\n\n<div class=\"wp-block-column is-layout-flow wp-block-column-is-layout-flow\" style=\"flex-basis:66.66%\">\n<p><strong>Hydraulikapplikationen f\u00fcr Rohrbruchklappen<\/strong><\/p>\n<p>Zusammen mit unserem Partner Stahleinbau GmbH realisieren wir auch Hubanlagen f\u00fcr&nbsp;Rohrbruchklappen in Wasserkraftwerken. Hierbei kommt eine Steuerung zum Einsatz, welche das \u00d6ffnen und Schliessen gem\u00e4ss den Sicherheitsbestimmungen \u00fcberwacht und steuert. Ebenfalls kann Diese ins Leitsystem eingebunden werden, damit St\u00f6rungen auf die Zentrale gemeldet werden k\u00f6nnen.<\/p>\n<\/div>\n<\/div>\n\n\n\n<div class=\"wp-block-columns is-layout-flex wp-container-core-columns-is-layout-9d6595d7 wp-block-columns-is-layout-flex\">\n<div class=\"wp-block-column is-layout-flow wp-block-column-is-layout-flow\" style=\"flex-basis:33.33%\">\n<figure class=\"wp-block-image size-full\"><a href=\"https:\/\/www.imboden-el-mech.ch\/wp-content\/uploads\/2013\/11\/wettertor.jpg\"><img loading=\"lazy\" decoding=\"async\" width=\"300\" height=\"200\" src=\"https:\/\/www.imboden-el-mech.ch\/wp-content\/uploads\/2013\/11\/wettertor.jpg\" alt=\"\" class=\"wp-image-417\"\/><\/a><\/figure>\n<\/div>\n\n\n\n<div class=\"wp-block-column is-layout-flow wp-block-column-is-layout-flow\" style=\"flex-basis:66.66%\">\n<p><strong>Hydraulikapplikationen f\u00fcr Tore<\/strong><\/p>\n<p>Hydraulische Torsteuerungen in Kombination mit Verkehrsregelung mittels Lichtsignalgeber realisieren wir ebenfalls. Die Steuerung kann den Gegebenheiten angepasst werden, wie bei diesem Wettertor, welches automatisch \u00f6ffnet und den Einbahnverkehr regelt, sobald ein Fahrzeug den Tunnel passieren m\u00f6chte. Nach dem Passieren wird das Tor wieder automatisch geschlossen.<\/p>\n<p><a href=\"https:\/\/www.imboden-el-mech.ch\/?page_id=119\">zum Seitenanfang<\/a><\/p>\n<\/div>\n<\/div>\n","protected":false},"excerpt":{"rendered":"<p>Pneumatik Verkauf, Unterhalt und Montage von elektropneumatischen Armaturen geh\u00f6rt ebenfalls zu unserem Fachgebiet. Viele Ventile m\u00fcssen heutzutage zentral gesteuert werden. Kein Problem! Wir bauen elektrische oder pneumatische Schieber in bestehende Verrohrungen ein und steuern Diese gem\u00e4ss Kundenwunsch an.Ebenso verbauen wir pneumatische Hub-\/Stosszylinder. So l\u00e4sst sich z.B. die Ansteuerung von Entleerklappen realisieren. Ebenfalls bieten wir \u00fcbergeordnet &hellip; <a href=\"https:\/\/www.imboden-el-mech.ch\/?page_id=119\" class=\"more-link\"><span class=\"screen-reader-text\">Hydraulik- und Pneumatikapplikationen<\/span> weiterlesen <span class=\"meta-nav\">&rarr;<\/span><\/a><\/p>\n","protected":false},"author":2,"featured_media":0,"parent":10,"menu_order":6,"comment_status":"closed","ping_status":"closed","template":"","meta":{"footnotes":""},"class_list":["post-119","page","type-page","status-publish","hentry"],"_links":{"self":[{"href":"https:\/\/www.imboden-el-mech.ch\/index.php?rest_route=\/wp\/v2\/pages\/119","targetHints":{"allow":["GET"]}}],"collection":[{"href":"https:\/\/www.imboden-el-mech.ch\/index.php?rest_route=\/wp\/v2\/pages"}],"about":[{"href":"https:\/\/www.imboden-el-mech.ch\/index.php?rest_route=\/wp\/v2\/types\/page"}],"author":[{"embeddable":true,"href":"https:\/\/www.imboden-el-mech.ch\/index.php?rest_route=\/wp\/v2\/users\/2"}],"replies":[{"embeddable":true,"href":"https:\/\/www.imboden-el-mech.ch\/index.php?rest_route=%2Fwp%2Fv2%2Fcomments&post=119"}],"version-history":[{"count":14,"href":"https:\/\/www.imboden-el-mech.ch\/index.php?rest_route=\/wp\/v2\/pages\/119\/revisions"}],"predecessor-version":[{"id":661,"href":"https:\/\/www.imboden-el-mech.ch\/index.php?rest_route=\/wp\/v2\/pages\/119\/revisions\/661"}],"up":[{"embeddable":true,"href":"https:\/\/www.imboden-el-mech.ch\/index.php?rest_route=\/wp\/v2\/pages\/10"}],"wp:attachment":[{"href":"https:\/\/www.imboden-el-mech.ch\/index.php?rest_route=%2Fwp%2Fv2%2Fmedia&parent=119"}],"curies":[{"name":"wp","href":"https:\/\/api.w.org\/{rel}","templated":true}]}}