{"id":261,"date":"2013-11-25T15:11:40","date_gmt":"2013-11-25T13:11:40","guid":{"rendered":"http:\/\/www.imboden-el-mech.ch\/newsite\/?page_id=261"},"modified":"2023-01-20T16:24:54","modified_gmt":"2023-01-20T15:24:54","slug":"alternative-energie","status":"publish","type":"page","link":"https:\/\/www.imboden-el-mech.ch\/?page_id=261","title":{"rendered":"Alternative Energie"},"content":{"rendered":"\n<div class=\"wp-block-columns is-layout-flex wp-container-core-columns-is-layout-9d6595d7 wp-block-columns-is-layout-flex\">\n<div class=\"wp-block-column is-layout-flow wp-block-column-is-layout-flow\" style=\"flex-basis:33.33%\">\n<figure class=\"wp-block-image size-full\"><a href=\"https:\/\/www.imboden-el-mech.ch\/wp-content\/uploads\/2013\/11\/holzkessel.jpg\"><img loading=\"lazy\" decoding=\"async\" width=\"300\" height=\"200\" src=\"https:\/\/www.imboden-el-mech.ch\/wp-content\/uploads\/2013\/11\/holzkessel.jpg\" alt=\"\" class=\"wp-image-279\"\/><\/a><\/figure>\n<\/div>\n\n\n\n<div class=\"wp-block-column is-layout-flow wp-block-column-is-layout-flow\" style=\"flex-basis:66.66%\">\n<p><strong>Heizen mit Holz f\u00fcr EFH und MFH<\/strong><\/p>\n<p>Holzheizsysteme k\u00f6nnen mit einer Vielzahl&nbsp;von unbehandelten, qualitativ hochwertigen Holzbrennstoffen betrieben werden, die sich in Heizwert, erforderlicher Lagerkapazit\u00e4t und Kosten unterscheiden.&nbsp;Die mit hochentwickelten Sicherheits- und Schutzvorrichtungen und einer digitalen Regelung ausgestattete Anlage wird genau und umfassend \u00fcberwacht und kontrolliert \u2013 von der Brennstoffzufuhr bis zur W\u00e4rme\u00fcbertragung und Entl\u00fcftung.&nbsp;Moderne Holzheizungsanlagen erreichen \u00e4hnliche Emissionswerte wie die f\u00fchrenden&nbsp;Heizungsanlagen f\u00fcr fossile Brennstoffe. Dar\u00fcber hinaus ist das Heizen mit Holz CO2-neutral.&nbsp;Scheitholz als Brennstoff ist ideal f\u00fcr alle, die sich Diesen selbst beschaffen k\u00f6nnen, z. B. aus der heimischen Forstwirtschaft. Das Holz muss entsprechend getrocknet gelagert werden und eine m\u00f6glichst geringe Restfeuchte aufweisen. Au\u00dferdem wird ein Heizwasser- Pufferspeicher ben\u00f6tigt, um eine kontinuierliche W\u00e4rmeversorgung zu gew\u00e4hrleisten.&nbsp;Pellets als Brennstoff werden aus S\u00e4gemehl gepresst und haben durch die geringe Restfeuchte einen hohen Heizwert. Pellets lassen sich einfach anliefern und lagern. Die Dosierung und Zuf\u00fchrung zum Holzheizsystem erfolgt automatisch und komfortabel.<\/p>\n<\/div>\n<\/div>\n\n\n\n<div class=\"wp-block-columns is-layout-flex wp-container-core-columns-is-layout-9d6595d7 wp-block-columns-is-layout-flex\">\n<div class=\"wp-block-column is-layout-flow wp-block-column-is-layout-flow\" style=\"flex-basis:33.33%\">\n<figure class=\"wp-block-image size-full\"><a href=\"https:\/\/www.imboden-el-mech.ch\/wp-content\/uploads\/2013\/11\/solarpanel.jpg\"><img loading=\"lazy\" decoding=\"async\" width=\"300\" height=\"199\" src=\"https:\/\/www.imboden-el-mech.ch\/wp-content\/uploads\/2013\/11\/solarpanel.jpg\" alt=\"\" class=\"wp-image-282\"\/><\/a><\/figure>\n<\/div>\n\n\n\n<div class=\"wp-block-column is-layout-flow wp-block-column-is-layout-flow\" style=\"flex-basis:66.66%\">\n<p><strong>Thermische Solaranlage<\/strong><\/p>\n<p>Die Sonne liefert der Schweiz j\u00e4hrlich x-mal mehr Energie, als wir brauchen, und das kostenlos. Sonnenenergie ist gut f\u00fcrs Klima, denn der CO2-Ausstoss ist praktisch null. Die Zeit ist reif sich f\u00fcr die k\u00fcnftige Heizunterst\u00fctzung der Sonne zuzuwenden.&nbsp;Sonnenenergie l\u00e4sst sich zur Warmwasseraufbereitung in Geb\u00e4uden sowie zur Heizungsunterst\u00fctzung nutzen.<\/p>\n<\/div>\n<\/div>\n\n\n\n<div class=\"wp-block-columns is-layout-flex wp-container-core-columns-is-layout-9d6595d7 wp-block-columns-is-layout-flex\">\n<div class=\"wp-block-column is-layout-flow wp-block-column-is-layout-flow\" style=\"flex-basis:33.33%\">\n<figure class=\"wp-block-image size-full\"><a href=\"https:\/\/www.imboden-el-mech.ch\/wp-content\/uploads\/2023\/01\/pvwerkhalleneu.jpg\"><img loading=\"lazy\" decoding=\"async\" width=\"300\" height=\"200\" src=\"https:\/\/www.imboden-el-mech.ch\/wp-content\/uploads\/2023\/01\/pvwerkhalleneu.jpg\" alt=\"\" class=\"wp-image-595\"\/><\/a><\/figure>\n<\/div>\n\n\n\n<div class=\"wp-block-column is-layout-flow wp-block-column-is-layout-flow\" style=\"flex-basis:66.66%\">\n<p><strong>Photovoltaik-Anlagen<\/strong><\/p>\n<p>Viele L\u00e4nder setzen inzwischen auf alternative Energieproduktion. Jeder kann zur Alternativenergieproduktion beitragen in dem er Strom auf seinem eigenen Dach produziert. Steht Ihr Haus in einer sonnigen Lage mit einem hervorragendem Sonnengang? Dann ist eine PV-Anlage genau das richtige f\u00fcr Sie. Eine PV-Anlage kann zur eigenen Energieabdeckung eingesetzt werden. Hier wird nur der Strom, welcher nicht selber produziert wird, vom \u00f6ffentlichen Stromnetz bezogen. Einige Anwender setzen in dieser Kombination eine Speicherbatterie ein, welche tags\u00fcber geladen wird. In der Nacht kann die Energie f\u00fcr kleine Ger\u00e4te, wie TV, Licht, etc. von der Batterie statt vom \u00f6ffentlichen Netz bezogen werden.<br \/>Anderweitig kann eine PV-Anlage zur vollen R\u00fcckspeisung ins \u00f6ffentliche Netz eingesetzt werden. Hierf\u00fcr wird ein separater Energiez\u00e4hler eingesetzt. Um die Differenz zwischen Produktionskosten und Marktpreis zu decken ist die Anmeldung einer kostendeckenden Einspeiseverg\u00fctung, genannt KEV, von Vorteil.<\/p>\n<p><a href=\"https:\/\/www.imboden-el-mech.ch\/?page_id=261\">zum Seitenanfang<\/a><\/p>\n<\/div>\n<\/div>\n","protected":false},"excerpt":{"rendered":"<p>Heizen mit Holz f\u00fcr EFH und MFH Holzheizsysteme k\u00f6nnen mit einer Vielzahl&nbsp;von unbehandelten, qualitativ hochwertigen Holzbrennstoffen betrieben werden, die sich in Heizwert, erforderlicher Lagerkapazit\u00e4t und Kosten unterscheiden.&nbsp;Die mit hochentwickelten Sicherheits- und Schutzvorrichtungen und einer digitalen Regelung ausgestattete Anlage wird genau und umfassend \u00fcberwacht und kontrolliert \u2013 von der Brennstoffzufuhr bis zur W\u00e4rme\u00fcbertragung und Entl\u00fcftung.&nbsp;Moderne Holzheizungsanlagen &hellip; <a href=\"https:\/\/www.imboden-el-mech.ch\/?page_id=261\" class=\"more-link\"><span class=\"screen-reader-text\">Alternative Energie<\/span> weiterlesen <span class=\"meta-nav\">&rarr;<\/span><\/a><\/p>\n","protected":false},"author":2,"featured_media":0,"parent":10,"menu_order":8,"comment_status":"closed","ping_status":"open","template":"","meta":{"footnotes":""},"class_list":["post-261","page","type-page","status-publish","hentry"],"_links":{"self":[{"href":"https:\/\/www.imboden-el-mech.ch\/index.php?rest_route=\/wp\/v2\/pages\/261","targetHints":{"allow":["GET"]}}],"collection":[{"href":"https:\/\/www.imboden-el-mech.ch\/index.php?rest_route=\/wp\/v2\/pages"}],"about":[{"href":"https:\/\/www.imboden-el-mech.ch\/index.php?rest_route=\/wp\/v2\/types\/page"}],"author":[{"embeddable":true,"href":"https:\/\/www.imboden-el-mech.ch\/index.php?rest_route=\/wp\/v2\/users\/2"}],"replies":[{"embeddable":true,"href":"https:\/\/www.imboden-el-mech.ch\/index.php?rest_route=%2Fwp%2Fv2%2Fcomments&post=261"}],"version-history":[{"count":12,"href":"https:\/\/www.imboden-el-mech.ch\/index.php?rest_route=\/wp\/v2\/pages\/261\/revisions"}],"predecessor-version":[{"id":655,"href":"https:\/\/www.imboden-el-mech.ch\/index.php?rest_route=\/wp\/v2\/pages\/261\/revisions\/655"}],"up":[{"embeddable":true,"href":"https:\/\/www.imboden-el-mech.ch\/index.php?rest_route=\/wp\/v2\/pages\/10"}],"wp:attachment":[{"href":"https:\/\/www.imboden-el-mech.ch\/index.php?rest_route=%2Fwp%2Fv2%2Fmedia&parent=261"}],"curies":[{"name":"wp","href":"https:\/\/api.w.org\/{rel}","templated":true}]}}