{"id":99,"date":"2013-11-19T12:25:43","date_gmt":"2013-11-19T11:25:43","guid":{"rendered":"http:\/\/www.imboden-el-mech.ch\/newsite\/?page_id=99"},"modified":"2023-01-20T16:33:44","modified_gmt":"2023-01-20T15:33:44","slug":"funkgesteuerte-applikationen","status":"publish","type":"page","link":"https:\/\/www.imboden-el-mech.ch\/?page_id=99","title":{"rendered":"Funkgesteuerte Applikationen"},"content":{"rendered":"\n<div class=\"wp-block-columns is-layout-flex wp-container-core-columns-is-layout-9d6595d7 wp-block-columns-is-layout-flex\">\n<div class=\"wp-block-column is-layout-flow wp-block-column-is-layout-flow\" style=\"flex-basis:33.33%\">\n<figure class=\"wp-block-image size-full\"><a href=\"https:\/\/www.imboden-el-mech.ch\/wp-content\/uploads\/2013\/11\/hallenkran.jpg\"><img loading=\"lazy\" decoding=\"async\" width=\"1024\" height=\"768\" src=\"https:\/\/www.imboden-el-mech.ch\/wp-content\/uploads\/2013\/11\/hallenkran.jpg\" alt=\"\" class=\"wp-image-255\" srcset=\"https:\/\/www.imboden-el-mech.ch\/wp-content\/uploads\/2013\/11\/hallenkran.jpg 1024w, https:\/\/www.imboden-el-mech.ch\/wp-content\/uploads\/2013\/11\/hallenkran-300x225.jpg 300w\" sizes=\"auto, (max-width: 1024px) 100vw, 1024px\" \/><\/a><\/figure>\n<\/div>\n\n\n\n<div class=\"wp-block-column is-layout-flow wp-block-column-is-layout-flow\" style=\"flex-basis:66.66%\">\n<p><strong>Hallenkrananlagen<\/strong><\/p>\n<p>Wer hat schon gerne bei Hallenkr\u00e4nen ein l\u00e4stiges Bedienkabel mitten in der Halle herunterh\u00e4ngen, wo man sich st\u00e4ndig verf\u00e4ngt. In gr\u00f6sseren Hallen kann es schon mal vorkommen, dass man das Kabel versehentlich mit dem Gabelstapler mitreisst.<br>All dies kann man sich ersparen, wenn man eine Funksteuerung einsetzt. Somit kann man sich in der Halle auch frei bewegen. Auch \u00e4ltere Anlagen lassen sich mit einer Funksteuerung nachr\u00fcsten. Wir berechnen und liefern Hallenkrananlagen mit Funksteuerung und f\u00fchren die Inbetriebnahme vor Ort durch.<br>Wir&nbsp;ersetzen auch Fahrantriebe bestehender Hallenkr\u00e4ne durch neue drehzahlgesteuerte Antriebe und bieten hierf\u00fcr die eigens daf\u00fcr entwickelte Ein-Knopf-Bedienung pro Fahrrichtung an.<\/p>\n<\/div>\n<\/div>\n\n\n\n<div class=\"wp-block-columns is-layout-flex wp-container-core-columns-is-layout-9d6595d7 wp-block-columns-is-layout-flex\">\n<div class=\"wp-block-column is-layout-flow wp-block-column-is-layout-flow\" style=\"flex-basis:33.33%\">\n<figure class=\"wp-block-image size-full\"><a href=\"https:\/\/www.imboden-el-mech.ch\/wp-content\/uploads\/2013\/11\/lkw_kran.jpg\"><img loading=\"lazy\" decoding=\"async\" width=\"300\" height=\"200\" src=\"https:\/\/www.imboden-el-mech.ch\/wp-content\/uploads\/2013\/11\/lkw_kran.jpg\" alt=\"\" class=\"wp-image-102\"\/><\/a><\/figure>\n<\/div>\n\n\n\n<div class=\"wp-block-column is-layout-flow wp-block-column-is-layout-flow\" style=\"flex-basis:66.66%\">\n<p><strong>LKW- Kr\u00e4ne<\/strong><\/p>\n<p>Ist es nicht m\u00fchsam und unproduktiv den LKW-Kran vor Ort bedienen zu m\u00fcssen? Kran in Position bringen &#8211; loslaufen um Last anzuh\u00e4ngen &#8211; zur\u00fccklaufen und Last abladen &#8211; loslaufen um Last auszuh\u00e4ngen.<br>Schwachsinn! Das geht auch einfacher: mit einer Funksteuerung. Der Maschinist kann somit auf der LKW-Ladefl\u00e4che stehen bleiben und den Kran von dort aus in Position bringen. Vorteile: Er muss weniger umherlaufen. Er kann den Kran auch besser positionieren da er direkt vor Ort ist.<br>Viele LKW-Kr\u00e4ne lassen sich mit einer Funksteuerung nachr\u00fcsten.<\/p>\n<\/div>\n<\/div>\n\n\n\n<div class=\"wp-block-columns is-layout-flex wp-container-core-columns-is-layout-9d6595d7 wp-block-columns-is-layout-flex\">\n<div class=\"wp-block-column is-layout-flow wp-block-column-is-layout-flow\" style=\"flex-basis:33.33%\">\n<figure class=\"wp-block-image size-full\"><a href=\"https:\/\/www.imboden-el-mech.ch\/wp-content\/uploads\/2013\/11\/funksys_musca.jpg\"><img loading=\"lazy\" decoding=\"async\" width=\"300\" height=\"200\" src=\"https:\/\/www.imboden-el-mech.ch\/wp-content\/uploads\/2013\/11\/funksys_musca.jpg\" alt=\"\" class=\"wp-image-405\"\/><\/a><\/figure>\n<\/div>\n\n\n\n<div class=\"wp-block-column is-layout-flow wp-block-column-is-layout-flow\" style=\"flex-basis:66.66%\">\n<p><strong>Maschinensteuerung<\/strong><\/p>\n<p>Ist es nicht produktiv und zugleich konform eine mobile Brechanlage direkt vom\u00a0Radlader oder Bagger\u00a0aus zu bedienen? Sieht der Maschinist, dass das Material \u00fcberl\u00e4uft kann er die Materialaufgabe direkt per Funkfernbedienung stoppen. Ebenso kann er die Aufgabemenge f\u00fcr die Anlage direkt per Funkfernbedieung ver\u00e4ndern.<br \/>Hierzu kommt ein komfortabler Funkhandsender zum Einsatz.<br \/>Es lassen sich auch andere Applikationen, z.B. auf Fahrzeugen mit diesem Funksystem realisieren.<\/p>\n<p><a href=\"https:\/\/www.imboden-el-mech.ch\/?page_id=99\">zum Seitenanfang<\/a><\/p>\n<\/div>\n<\/div>\n","protected":false},"excerpt":{"rendered":"<p>Hallenkrananlagen Wer hat schon gerne bei Hallenkr\u00e4nen ein l\u00e4stiges Bedienkabel mitten in der Halle herunterh\u00e4ngen, wo man sich st\u00e4ndig verf\u00e4ngt. In gr\u00f6sseren Hallen kann es schon mal vorkommen, dass man das Kabel versehentlich mit dem Gabelstapler mitreisst.All dies kann man sich ersparen, wenn man eine Funksteuerung einsetzt. Somit kann man sich in der Halle auch &hellip; <a href=\"https:\/\/www.imboden-el-mech.ch\/?page_id=99\" class=\"more-link\"><span class=\"screen-reader-text\">Funkgesteuerte Applikationen<\/span> weiterlesen <span class=\"meta-nav\">&rarr;<\/span><\/a><\/p>\n","protected":false},"author":2,"featured_media":0,"parent":10,"menu_order":3,"comment_status":"closed","ping_status":"closed","template":"","meta":{"footnotes":""},"class_list":["post-99","page","type-page","status-publish","hentry"],"_links":{"self":[{"href":"https:\/\/www.imboden-el-mech.ch\/index.php?rest_route=\/wp\/v2\/pages\/99","targetHints":{"allow":["GET"]}}],"collection":[{"href":"https:\/\/www.imboden-el-mech.ch\/index.php?rest_route=\/wp\/v2\/pages"}],"about":[{"href":"https:\/\/www.imboden-el-mech.ch\/index.php?rest_route=\/wp\/v2\/types\/page"}],"author":[{"embeddable":true,"href":"https:\/\/www.imboden-el-mech.ch\/index.php?rest_route=\/wp\/v2\/users\/2"}],"replies":[{"embeddable":true,"href":"https:\/\/www.imboden-el-mech.ch\/index.php?rest_route=%2Fwp%2Fv2%2Fcomments&post=99"}],"version-history":[{"count":12,"href":"https:\/\/www.imboden-el-mech.ch\/index.php?rest_route=\/wp\/v2\/pages\/99\/revisions"}],"predecessor-version":[{"id":659,"href":"https:\/\/www.imboden-el-mech.ch\/index.php?rest_route=\/wp\/v2\/pages\/99\/revisions\/659"}],"up":[{"embeddable":true,"href":"https:\/\/www.imboden-el-mech.ch\/index.php?rest_route=\/wp\/v2\/pages\/10"}],"wp:attachment":[{"href":"https:\/\/www.imboden-el-mech.ch\/index.php?rest_route=%2Fwp%2Fv2%2Fmedia&parent=99"}],"curies":[{"name":"wp","href":"https:\/\/api.w.org\/{rel}","templated":true}]}}